{"id":108,"date":"2018-04-05T12:50:36","date_gmt":"2018-04-05T10:50:36","guid":{"rendered":"http:\/\/www.ireplace.ch\/?page_id=108"},"modified":"2018-04-05T12:50:36","modified_gmt":"2018-04-05T10:50:36","slug":"website-it","status":"publish","type":"page","link":"https:\/\/iexpertech.com\/?page_id=108","title":{"rendered":"Website it"},"content":{"rendered":"<div class=\"wpb-content-wrapper\"><p>[vc_row][vc_column][vc_custom_heading text=&#187;Website&#187; font_container=&#187;tag:h2|text_align:center&#187;][\/vc_column][\/vc_row][vc_row][vc_column width=&#187;1\/4&#8243;][vc_single_image image=&#187;110&#8243; img_size=&#187;medium&#187;][\/vc_column][vc_column width=&#187;3\/4&#8243;][vc_column_text css_animation=&#187;appear&#187;]<\/p>\n<h2>La nostra esperienza in Website Design<\/h2>\n<p>Quante persone visitano il tuo sito web in un giorno? Quanti dei vostri visitatori si stanno trasformando in clienti reali? Se pensate che le statistiche dei tuoi visitatori non sono cos\u00ec efficaci, \u00e8 il momento di prendere una seria decisione sul design del Vostro sito web, o se non lo hai ancora di crearlo.<\/p>\n<p>Noi abbiamo sempre gli occhi puntati sugli obiettivi del vostro business, impiegando strumenti altamente tecnologici e innovativi, dalla progettazione alla realizzazione, per produrre un web design esteticamente gradevole dai grandi risultati. Facciamo pi\u00f9 di costruire un sito web; creiamo una presenza sul web Originale e tecnologica che interagir\u00e0 direttamente con il vostro pubblico.<\/p>\n<p>Il nostro punto di forza sta nella creativit\u00e0, la soluzione per ogni tipo di esigenza. L&#8217;esperienza accumulata con i vari CMS ci permette di avere un ampio spettro di soluzioni, quali: Joomla, WordPress, eCommerce. Queste opportunit\u00e0 vi permetteranno di avere un sito innovativo, responsivo, ma sopratutto anche in grado di autogestirlo.[\/vc_column_text][\/vc_column][\/vc_row][vc_row][vc_column][vc_separator][vc_cta h2=&#187;&#171;Internet \u00e8 un dono di Dio. Pu\u00f2 offrire maggiori possibilit\u00e0 di incontro e di solidariet\u00e0 tra tutti.\u201d cit. Papa Francesco&#187; txt_align=&#187;center&#187; style=&#187;3d&#187;]<\/p>\n<h4><\/h4>\n<p>[\/vc_cta][vc_separator][\/vc_column][\/vc_row][vc_row][vc_column width=&#187;2\/3&#8243;][vc_column_text css_animation=&#187;right-to-left&#187;]<\/p>\n<h2>Web Marketing<\/h2>\n<h5>Il tuo web nel mondo, ecco la risposta.<\/h5>\n<p>Negli anni il web \u00e8 cambiato, e le diverse tecnologie hanno portato a un approccio diverso per il corretto posizionamento del proprio business sul web. L&#8217;aspetto principale sulla promozione parte dal corretto sviluppo del proprio sito web, in modo da poter utilizzare al meglio le varie tecniche di posizionamento.<\/p>\n<p>I canali e le tecniche con i quali oggi si arriva sugli schermi degli utenti sono: youtube e i video promozionali, Facebook e le sue molteplici sfaccettature, Twitter e si suoi hashtag, il mail marketing sicuramente \u00e8 ancora un canale efficace, link building per aumentare il ranking sui motori di ricerca e le famose app per la tecnologia mobile.<\/p>\n<p>Tutto questo con la nostra attenta analisi e consulenza \u00e8 possibile, ogni soluzione \u00e8 studiata appositamente per soddisfare l&#8217;esigenza del proprio business.[\/vc_column_text][\/vc_column][vc_column width=&#187;1\/3&#8243;][vc_single_image image=&#187;111&#8243; img_size=&#187;medium&#187;][\/vc_column][\/vc_row][vc_row][vc_column][vc_separator][go_pricing id=&#187;website_5ac5fba2b19bb&#187;][\/vc_column][\/vc_row]<\/p>\n<\/div>","protected":false},"excerpt":{"rendered":"<p>[vc_row][vc_column][vc_custom_heading text=&#187;Website&#187; font_container=&#187;tag:h2|text_align:center&#187;][\/vc_column][\/vc_row][vc_row][vc_column width=&#187;1\/4&#8243;][vc_single_image image=&#187;110&#8243; img_size=&#187;medium&#187;][\/vc_column][vc_column width=&#187;3\/4&#8243;][vc_column_text css_animation=&#187;appear&#187;] La nostra esperienza in Website Design Quante persone visitano il tuo sito web in un giorno? Quanti dei<span class=\"excerpt-hellip\"> [\u2026]<\/span><\/p>\n","protected":false},"author":1,"featured_media":0,"parent":0,"menu_order":0,"comment_status":"closed","ping_status":"closed","template":"","meta":{"footnotes":""},"class_list":["post-108","page","type-page","status-publish","hentry"],"_links":{"self":[{"href":"https:\/\/iexpertech.com\/index.php?rest_route=\/wp\/v2\/pages\/108","targetHints":{"allow":["GET"]}}],"collection":[{"href":"https:\/\/iexpertech.com\/index.php?rest_route=\/wp\/v2\/pages"}],"about":[{"href":"https:\/\/iexpertech.com\/index.php?rest_route=\/wp\/v2\/types\/page"}],"author":[{"embeddable":true,"href":"https:\/\/iexpertech.com\/index.php?rest_route=\/wp\/v2\/users\/1"}],"replies":[{"embeddable":true,"href":"https:\/\/iexpertech.com\/index.php?rest_route=%2Fwp%2Fv2%2Fcomments&post=108"}],"version-history":[{"count":0,"href":"https:\/\/iexpertech.com\/index.php?rest_route=\/wp\/v2\/pages\/108\/revisions"}],"wp:attachment":[{"href":"https:\/\/iexpertech.com\/index.php?rest_route=%2Fwp%2Fv2%2Fmedia&parent=108"}],"curies":[{"name":"wp","href":"https:\/\/api.w.org\/{rel}","templated":true}]}}