{"id":41,"date":"2018-04-05T11:03:18","date_gmt":"2018-04-05T09:03:18","guid":{"rendered":"http:\/\/www.ireplace.ch\/?page_id=41"},"modified":"2026-01-09T00:45:06","modified_gmt":"2026-01-08T23:45:06","slug":"webseite","status":"publish","type":"page","link":"https:\/\/iexpertech.com\/?page_id=41","title":{"rendered":"Webseite"},"content":{"rendered":"<div class=\"wpb-content-wrapper\"><p>[vc_row][vc_column][vc_custom_heading source=&#187;post_title&#187; font_container=&#187;tag:h2|text_align:center&#187;][\/vc_column][\/vc_row][vc_row][vc_column width=&#187;1\/4&#8243;][vc_single_image image=&#187;43&#8243; img_size=&#187;medium&#187;][\/vc_column][vc_column width=&#187;3\/4&#8243;][vc_column_text css_animation=&#187;appear&#187;]<\/p>\n<h2>Unsere Erfahrung in Webseite Design<\/h2>\n<p>Wie viele Besucher hat Ihre Webseite in einem Tag? Wie viele Besucher werden Ihrer Neukunden? Wenn Sie denken, dass die Statistik der Besucher online nicht effizient sind, es ist an der Zeit, ernsthaft \u00fcber die Umgestaltung Ihrer Website zu denken.<\/p>\n<p>Wir haben immer die Augen auf die Ziele Ihres Unternehmens, mit Hilfe der hoch technologischen und innovativen Werkzeug, vom Design bis zur Umsetzung, erzeugen wir einen astthetischen Web Design welches ansprechend ist und grossartige Ergebnisse erzielt. Eir tun mehr f\u00fcr Ihre Webseite, wir erstelln eine Pr\u00e4senz im Web die Ihre Zielgruppe direkter anspricht.<\/p>\n<p>Unsere St\u00e4rke liegt in der Kreativit\u00e4t, die L\u00f6sung f\u00fcr jede Art von Anforderung. Erfahrungen mit den verschiedenen CMS erm\u00f6glicht es uns, ein breites Spektrum an L\u00f6sungen, wie z. bsp.: Joomla, WordPress, e-Commerce anzubieten. Sie haben die M\u00f6glichkeit eine Innovative Web-Seite mit uns zu kreiren, die reaktionf\u00e4hig\/schnell ist und Ihnen vor allem die M\u00f6glichkeit gibt selbst zu verwalten.[\/vc_column_text][\/vc_column][\/vc_row][vc_row][vc_column][vc_separator][vc_cta h2=&#187;<\/p>\n<p>&#171;Das Internet ist ein Geschenk Gottes. Kann uns helfen, eine gr\u00f6\u00dfere Begegnungschance und Solidarit\u00e4t unter allen.&#171; <i>zitiert Papst Franz<\/i><\/p>\n<p>&#187; txt_align=&#187;center&#187; style=&#187;3d&#187;]<\/p>\n<h4><\/h4>\n<p>[\/vc_cta][vc_separator][\/vc_column][\/vc_row][vc_row][vc_column width=&#187;2\/3&#8243;][vc_column_text css_animation=&#187;right-to-left&#187;]<\/p>\n<h2>Web Marketing<\/h2>\n<h5>Ihre Website in der Welt, hier die Antwort.<\/h5>\n<p>Im Laufe der Jahre hat sich das Web ver\u00e4ndert, und die verschiedenen Technologien haben dazu gef\u00fchrt, dass ein anderes Konzept f\u00fcr die richtige Positionierung Ihres Unternehmens im Internet ben\u00f6tigt wird.<\/p>\n<p>Die Kan\u00e4le und die Techniken mit denen heute Sie auf den Bildschirmen kommen, sind: Youtube und die Video &#8211; Promotion, Facebook mit seine vielen Facetten, Twitter und seine Hashtag, die Mail &#8211; Marketing ist mit Sicherheit nach wie vor ein wirksamer Kanal.<\/p>\n<p>Mit unserer sorgf\u00e4ltigen Analyse und Beratung erm\u00f6glichen wir ihen jede L\u00f6sung und konzipieren ihre Webseite nach den ben\u00f6tigen Anforderungen Ihres Unternehmens.[\/vc_column_text][\/vc_column][vc_column width=&#187;1\/3&#8243;][vc_single_image image=&#187;45&#8243; img_size=&#187;medium&#187;][\/vc_column][\/vc_row][vc_row][vc_column][vc_separator][go_pricing id=&#187;website&#187;][\/vc_column][\/vc_row]<\/p>\n<\/div>","protected":false},"excerpt":{"rendered":"<p>[vc_row][vc_column][vc_custom_heading source=&#187;post_title&#187; font_container=&#187;tag:h2|text_align:center&#187;][\/vc_column][\/vc_row][vc_row][vc_column width=&#187;1\/4&#8243;][vc_single_image image=&#187;43&#8243; img_size=&#187;medium&#187;][\/vc_column][vc_column width=&#187;3\/4&#8243;][vc_column_text css_animation=&#187;appear&#187;] Unsere Erfahrung in Webseite Design Wie viele Besucher hat Ihre Webseite in einem Tag? Wie viele Besucher werden<span class=\"excerpt-hellip\"> [\u2026]<\/span><\/p>\n","protected":false},"author":1,"featured_media":-1,"parent":0,"menu_order":0,"comment_status":"closed","ping_status":"closed","template":"","meta":{"footnotes":""},"class_list":["post-41","page","type-page","status-publish","has-post-thumbnail","hentry"],"_links":{"self":[{"href":"https:\/\/iexpertech.com\/index.php?rest_route=\/wp\/v2\/pages\/41","targetHints":{"allow":["GET"]}}],"collection":[{"href":"https:\/\/iexpertech.com\/index.php?rest_route=\/wp\/v2\/pages"}],"about":[{"href":"https:\/\/iexpertech.com\/index.php?rest_route=\/wp\/v2\/types\/page"}],"author":[{"embeddable":true,"href":"https:\/\/iexpertech.com\/index.php?rest_route=\/wp\/v2\/users\/1"}],"replies":[{"embeddable":true,"href":"https:\/\/iexpertech.com\/index.php?rest_route=%2Fwp%2Fv2%2Fcomments&post=41"}],"version-history":[{"count":1,"href":"https:\/\/iexpertech.com\/index.php?rest_route=\/wp\/v2\/pages\/41\/revisions"}],"predecessor-version":[{"id":162,"href":"https:\/\/iexpertech.com\/index.php?rest_route=\/wp\/v2\/pages\/41\/revisions\/162"}],"wp:featuredmedia":[{"embeddable":true,"href":"https:\/\/iexpertech.com\/index.php?rest_route=\/"}],"wp:attachment":[{"href":"https:\/\/iexpertech.com\/index.php?rest_route=%2Fwp%2Fv2%2Fmedia&parent=41"}],"curies":[{"name":"wp","href":"https:\/\/api.w.org\/{rel}","templated":true}]}}