{"id":54,"date":"2018-04-05T11:23:46","date_gmt":"2018-04-05T09:23:46","guid":{"rendered":"http:\/\/www.ireplace.ch\/?page_id=54"},"modified":"2019-01-23T12:36:03","modified_gmt":"2019-01-23T11:36:03","slug":"video-editing","status":"publish","type":"page","link":"https:\/\/iexpertech.com\/?page_id=54","title":{"rendered":"Video Editing"},"content":{"rendered":"<div class=\"wpb-content-wrapper\"><p>[vc_row][vc_column][vc_custom_heading source=&#187;post_title&#187; font_container=&#187;tag:h2|text_align:center&#187;][vc_cta h2=&#187;&#171;Alles was gesagt wird aber nicht gezeigt wird, ist f\u00fcr die \u00d6ffentlichkeit verloren &#171; zitiert Halfred Hitchock&#187; style=&#187;3d&#187;][\/vc_cta][\/vc_column][\/vc_row][vc_row][vc_column width=&#187;1\/4&#8243;][vc_single_image image=&#187;55&#8243; img_size=&#187;medium&#187;][\/vc_column][vc_column width=&#187;3\/4&#8243;][vc_column_text css_animation=&#187;appear&#187;]<\/p>\n<h2>Videobearbeitungen<\/h2>\n<p>Unsere Dienstleistungen:<\/p>\n<ul class=\"list list_tick\">\n<li>Videoaufnahme und Fotos f\u00fcr Zeremonien, besonderen Anl\u00e4ssen, Veranstaltungen<\/li>\n<li>Pr\u00e4sentationsvideo eines Unternehmens: f\u00fcr Messen oder Ausstellungen, f\u00fcr besondere Veranstaltungen oder Tagungen und f\u00fcr sportliche Veranstaltungen<\/li>\n<li>Musik &#8211; Videoclip<\/li>\n<li>Kulturelle und touristische Dokumentationen<\/li>\n<li>Bearbeitung von Videos und Fotos in verschiedenen Gr\u00f6\u00dfen<\/li>\n<li>Videobearbeitung mit digitalen Effekten, Soundtracks, etc.<\/li>\n<li>Wiederherstellung von Video in alten Formaten und Umformatierung von Analog (VHS, 8 mm) in Digital (DVD)<\/li>\n<\/ul>\n<p>Wir sind in der Lage, ma\u00dfgeschneiderte Produkt oder L\u00f6sungen jeder Art zu liefern. Pr\u00e4sentationen von seinem eigenen Betrieb durch Video oder ein Videobuch zu erstellen.[\/vc_column_text][\/vc_column][\/vc_row]<\/p>\n<\/div>","protected":false},"excerpt":{"rendered":"<p>[vc_row][vc_column][vc_custom_heading source=&#187;post_title&#187; font_container=&#187;tag:h2|text_align:center&#187;][vc_cta h2=&#187;&#171;Alles was gesagt wird aber nicht gezeigt wird, ist f\u00fcr die \u00d6ffentlichkeit verloren &#171; zitiert Halfred Hitchock&#187; style=&#187;3d&#187;][\/vc_cta][\/vc_column][\/vc_row][vc_row][vc_column width=&#187;1\/4&#8243;][vc_single_image image=&#187;55&#8243; img_size=&#187;medium&#187;][\/vc_column][vc_column width=&#187;3\/4&#8243;][vc_column_text css_animation=&#187;appear&#187;]<span class=\"excerpt-hellip\"> [\u2026]<\/span><\/p>\n","protected":false},"author":1,"featured_media":0,"parent":0,"menu_order":0,"comment_status":"closed","ping_status":"closed","template":"","meta":{"footnotes":""},"class_list":["post-54","page","type-page","status-publish","hentry"],"_links":{"self":[{"href":"https:\/\/iexpertech.com\/index.php?rest_route=\/wp\/v2\/pages\/54","targetHints":{"allow":["GET"]}}],"collection":[{"href":"https:\/\/iexpertech.com\/index.php?rest_route=\/wp\/v2\/pages"}],"about":[{"href":"https:\/\/iexpertech.com\/index.php?rest_route=\/wp\/v2\/types\/page"}],"author":[{"embeddable":true,"href":"https:\/\/iexpertech.com\/index.php?rest_route=\/wp\/v2\/users\/1"}],"replies":[{"embeddable":true,"href":"https:\/\/iexpertech.com\/index.php?rest_route=%2Fwp%2Fv2%2Fcomments&post=54"}],"version-history":[{"count":2,"href":"https:\/\/iexpertech.com\/index.php?rest_route=\/wp\/v2\/pages\/54\/revisions"}],"predecessor-version":[{"id":166,"href":"https:\/\/iexpertech.com\/index.php?rest_route=\/wp\/v2\/pages\/54\/revisions\/166"}],"wp:attachment":[{"href":"https:\/\/iexpertech.com\/index.php?rest_route=%2Fwp%2Fv2%2Fmedia&parent=54"}],"curies":[{"name":"wp","href":"https:\/\/api.w.org\/{rel}","templated":true}]}}