{"id":58,"date":"2018-04-05T11:25:51","date_gmt":"2018-04-05T09:25:51","guid":{"rendered":"http:\/\/www.ireplace.ch\/?page_id=58"},"modified":"2019-01-23T12:37:02","modified_gmt":"2019-01-23T11:37:02","slug":"professioneller-support","status":"publish","type":"page","link":"https:\/\/iexpertech.com\/?page_id=58","title":{"rendered":"Professioneller Support"},"content":{"rendered":"<div class=\"wpb-content-wrapper\"><p>[vc_row][vc_column][vc_custom_heading source=&#187;post_title&#187; font_container=&#187;tag:h2|text_align:center&#187;][\/vc_column][\/vc_row][vc_row][vc_column width=&#187;1\/4&#8243;][vc_single_image image=&#187;59&#8243; img_size=&#187;medium&#187;][\/vc_column][vc_column width=&#187;3\/4&#8243;][vc_column_text css_animation=&#187;appear&#187;]<\/p>\n<div class=\"column one-second\">\n<h2>Pers\u00f6nliche Unterst\u00fctzung<\/h2>\n<p>Haben Sie ein Problem mit Ihrem PC? Keine Sorge, rufen Sie uns an, wir sind f\u00e4hig f\u00fcr alle Anforderungen\/Probleme eine L\u00f6sung zu finden wie zbsp:<\/p>\n<ul class=\"list list_tick\">\n<li>Hardware &#8211; Ausfall und Ersetzung des Boards<\/li>\n<li>Betribsystem blockiert: Umschichtung \/ Konfigurationen<\/li>\n<li>Viren, Reinigen des Computers und Sicherheit &#8211; Software aufsetzen<\/li>\n<li>Probleme bei Installationen und Konfigurationen von Drucker<\/li>\n<li>Konfiguration und Installation von Netzwerke und Internet<\/li>\n<li>Diagnostik<\/li>\n<\/ul>\n<p>Rufen Sie uns an, wir werden so schnell wie m\u00f6glich aktiv.<\/p><\/div>\n<p>[\/vc_column_text][\/vc_column][\/vc_row][vc_row][vc_column][vc_separator][vc_cta h2=&#187;&#171;Der einzige Weg, um gute Arbeit zu leisten ist lieben was man macht.&#171; zitiert Steve Jobs &#187; txt_align=&#187;center&#187; style=&#187;3d&#187;]<\/p>\n<h4><\/h4>\n<p>[\/vc_cta][vc_separator][\/vc_column][\/vc_row][vc_row][vc_column width=&#187;2\/3&#8243;][vc_column_text css_animation=&#187;right-to-left&#187;]<\/p>\n<div class=\"column two-third\">\n<h2>Professionelle Unterst\u00fctzung<\/h2>\n<p>Sind Sie eine Unternehmen, das Netzwerk funktioniert nicht? Der Server ist nicht mehr sichtbar oder hat Ausf\u00e4llen? Der Netzwerkdrucker druckt nicht?<br \/>\nWir bieten eines der folgenden Dienstleistungen:<\/p>\n<ul class=\"list list_tick\">\n<li>Design \/ Konfiguration\/LAN\/Intranet\/Internet Netzwerk<\/li>\n<li>Installation \/ Konfiguration \/ Installationen von Betriebssysteme (Windows\/Linux)<\/li>\n<li>Konfigurieren von Netzwerkger\u00e4ten \/Firewall\/Switch<\/li>\n<\/ul>\n<p>Rufen Sie uns an, unsere Erfahrung wird Sie \u00fcberraschen.<\/p><\/div>\n<p>[\/vc_column_text][\/vc_column][vc_column width=&#187;1\/3&#8243;][vc_single_image image=&#187;60&#8243; img_size=&#187;medium&#187;][\/vc_column][\/vc_row][vc_row][vc_column][vc_empty_space][\/vc_column][\/vc_row]<\/p>\n<\/div>","protected":false},"excerpt":{"rendered":"<p>[vc_row][vc_column][vc_custom_heading source=&#187;post_title&#187; font_container=&#187;tag:h2|text_align:center&#187;][\/vc_column][\/vc_row][vc_row][vc_column width=&#187;1\/4&#8243;][vc_single_image image=&#187;59&#8243; img_size=&#187;medium&#187;][\/vc_column][vc_column width=&#187;3\/4&#8243;][vc_column_text css_animation=&#187;appear&#187;] Pers\u00f6nliche Unterst\u00fctzung Haben Sie ein Problem mit Ihrem PC? Keine Sorge, rufen Sie uns an, wir sind f\u00e4hig<span class=\"excerpt-hellip\"> [\u2026]<\/span><\/p>\n","protected":false},"author":1,"featured_media":0,"parent":0,"menu_order":0,"comment_status":"closed","ping_status":"closed","template":"","meta":{"footnotes":""},"class_list":["post-58","page","type-page","status-publish","hentry"],"_links":{"self":[{"href":"https:\/\/iexpertech.com\/index.php?rest_route=\/wp\/v2\/pages\/58","targetHints":{"allow":["GET"]}}],"collection":[{"href":"https:\/\/iexpertech.com\/index.php?rest_route=\/wp\/v2\/pages"}],"about":[{"href":"https:\/\/iexpertech.com\/index.php?rest_route=\/wp\/v2\/types\/page"}],"author":[{"embeddable":true,"href":"https:\/\/iexpertech.com\/index.php?rest_route=\/wp\/v2\/users\/1"}],"replies":[{"embeddable":true,"href":"https:\/\/iexpertech.com\/index.php?rest_route=%2Fwp%2Fv2%2Fcomments&post=58"}],"version-history":[{"count":1,"href":"https:\/\/iexpertech.com\/index.php?rest_route=\/wp\/v2\/pages\/58\/revisions"}],"predecessor-version":[{"id":167,"href":"https:\/\/iexpertech.com\/index.php?rest_route=\/wp\/v2\/pages\/58\/revisions\/167"}],"wp:attachment":[{"href":"https:\/\/iexpertech.com\/index.php?rest_route=%2Fwp%2Fv2%2Fmedia&parent=58"}],"curies":[{"name":"wp","href":"https:\/\/api.w.org\/{rel}","templated":true}]}}