{"id":74,"date":"2018-04-05T12:03:49","date_gmt":"2018-04-05T10:03:49","guid":{"rendered":"http:\/\/www.ireplace.ch\/?page_id=74"},"modified":"2018-04-05T12:03:49","modified_gmt":"2018-04-05T10:03:49","slug":"grafica-design","status":"publish","type":"page","link":"https:\/\/iexpertech.com\/?page_id=74","title":{"rendered":"Grafica\/Design"},"content":{"rendered":"<div class=\"wpb-content-wrapper\"><p>[vc_row][vc_column][vc_custom_heading source=&#187;post_title&#187; font_container=&#187;tag:h2|text_align:center&#187;][\/vc_column][\/vc_row][vc_row][vc_column width=&#187;2\/3&#8243;][vc_column_text css_animation=&#187;appear&#187;]<\/p>\n<h2>Grafica e pubblicit\u00e0?<\/h2>\n<h5>Hai bisogno di un logo? Una Brochure o un flyer?noi siamo anche questo.<\/h5>\n<p>I nostri occhi sono in grado di vedere e riconoscere ci\u00f2 che \u00e8 bene e bello da ci\u00f2 che non lo \u00e8. Il design \u00e8 molto importante oggi, in quanto spesso puo&#8216; influenzare il target del proprio cliente e indirizzare il vostro business.<\/p>\n<p>Un logo, una brochure, un flyer ben fatti, arriva automaticamente nella mente. Vengono facilmente identificati per ci\u00f2 che propone. E se questi portano nuovi clienti\/opportunit\u00e0 significa che e&#8216; un buon prodotto.[\/vc_column_text][\/vc_column][vc_column width=&#187;1\/3&#8243;][vc_single_image image=&#187;78&#8243; img_size=&#187;medium&#187;][\/vc_column][\/vc_row][vc_row][vc_column][vc_separator][vc_cta h2=&#187;&#171;L&#8217;innovazione distingue tra un leader e un seguace.\u201d cit. Steve Jobs&#187; txt_align=&#187;center&#187; style=&#187;3d&#187;]<\/p>\n<h4><\/h4>\n<p>[\/vc_cta][vc_separator][\/vc_column][\/vc_row][vc_row][vc_column width=&#187;2\/3&#8243;][vc_column_text css_animation=&#187;right-to-left&#187;]<\/p>\n<h2>Web Design<\/h2>\n<p>Quando un sito web viene affidato a noi, ci occupiamo dell\u2019aspetto visivo e del coinvolgimento emotivo del sito Web per raggiungere il massimo obiettivo, e raggiungere il numero maggiore di possibili clienti.<\/p>\n<p>Un designer risolve i problemi di comunicazione dei propri clienti, valorizza il proprio business e specifica l&#8217;accesso a tutte le informazioni, questo grazie alla conoscenza dalle tecnologie, unito alla creativit\u00e0.<\/p>\n<p>Il principale obiettivo \u00e8 realizzare siti che siano accattivanti dal punto di vista grafico, abbiano un buon impatto visivo, siano semplici da navigare , compatibili con le esigenze dei visitatori e accessibili utilizzando browser e dispositivi diversi. Il miglior risultato e quando si riesce a coniugare design e navigazione , e che queste sia fruibile ovunque e con qualsiasi dispositivo.<\/p>\n<p>[\/vc_column_text][\/vc_column][vc_column width=&#187;1\/3&#8243;][vc_single_image image=&#187;80&#8243; img_size=&#187;medium&#187;][\/vc_column][\/vc_row][vc_row][vc_column][vc_separator][vc_cta h2=&#187;&#171;Adoro gli esperimenti folli. Li faccio in continuazione. &#171; cit. Charles Darwin &#187; txt_align=&#187;center&#187; style=&#187;3d&#187;]<\/p>\n<h4><\/h4>\n<p>[\/vc_cta][vc_separator][\/vc_column][\/vc_row][vc_row][vc_column width=&#187;1\/4&#8243;][vc_single_image image=&#187;81&#8243; img_size=&#187;medium&#187;][\/vc_column][vc_column width=&#187;3\/4&#8243;][vc_column_text css_animation=&#187;right-to-left&#187;]<\/p>\n<h2>Image editing<\/h2>\n<p>iExpertech puo&#8216; essere il giusto supporto anche per l&#8217;image editing, ovvero applicare la creativita&#8216; e il gusto estetico, per creazioni di album fotografici, ritocchi e miglioramenti di fotoshooting, correzione di immagini vecchie o logore dal tempo, o anche realizzare immagini ad hoc per tele o ingrandimenti.[\/vc_column_text][\/vc_column][\/vc_row][vc_row][vc_column][go_pricing id=&#187;grafica_5ac5fba2bf992&#8243;][\/vc_column][\/vc_row]<\/p>\n<\/div>","protected":false},"excerpt":{"rendered":"<p>[vc_row][vc_column][vc_custom_heading source=&#187;post_title&#187; font_container=&#187;tag:h2|text_align:center&#187;][\/vc_column][\/vc_row][vc_row][vc_column width=&#187;2\/3&#8243;][vc_column_text css_animation=&#187;appear&#187;] Grafica e pubblicit\u00e0? Hai bisogno di un logo? Una Brochure o un flyer?noi siamo anche questo. I nostri occhi sono in<span class=\"excerpt-hellip\"> [\u2026]<\/span><\/p>\n","protected":false},"author":1,"featured_media":0,"parent":0,"menu_order":0,"comment_status":"closed","ping_status":"closed","template":"","meta":{"footnotes":""},"class_list":["post-74","page","type-page","status-publish","hentry"],"_links":{"self":[{"href":"https:\/\/iexpertech.com\/index.php?rest_route=\/wp\/v2\/pages\/74","targetHints":{"allow":["GET"]}}],"collection":[{"href":"https:\/\/iexpertech.com\/index.php?rest_route=\/wp\/v2\/pages"}],"about":[{"href":"https:\/\/iexpertech.com\/index.php?rest_route=\/wp\/v2\/types\/page"}],"author":[{"embeddable":true,"href":"https:\/\/iexpertech.com\/index.php?rest_route=\/wp\/v2\/users\/1"}],"replies":[{"embeddable":true,"href":"https:\/\/iexpertech.com\/index.php?rest_route=%2Fwp%2Fv2%2Fcomments&post=74"}],"version-history":[{"count":0,"href":"https:\/\/iexpertech.com\/index.php?rest_route=\/wp\/v2\/pages\/74\/revisions"}],"wp:attachment":[{"href":"https:\/\/iexpertech.com\/index.php?rest_route=%2Fwp%2Fv2%2Fmedia&parent=74"}],"curies":[{"name":"wp","href":"https:\/\/api.w.org\/{rel}","templated":true}]}}